    {"id":1769,"date":"2023-09-17T10:03:32","date_gmt":"2023-09-17T10:03:32","guid":{"rendered":"https:\/\/demo.bravisthemes.com\/hadkaur\/?page_id=1769"},"modified":"2024-03-19T10:13:25","modified_gmt":"2024-03-19T17:13:25","slug":"service-1","status":"publish","type":"page","link":"https:\/\/alphagym.mx\/?page_id=1769","title":{"rendered":"T\u00c9RMINOS Y CONDICIONES GENERALES PARA PROMOCIONES"},"content":{"rendered":"\t\t<div data-elementor-type=\"wp-page\" data-elementor-id=\"1769\" class=\"elementor elementor-1769\" data-elementor-post-type=\"page\">\n\t\t\t\t        <section class=\"elementor-section elementor-top-section elementor-element elementor-element-537bca5 elementor-section-stretched elementor-section-boxed elementor-section-height-default elementor-section-height-default pxl-row-scroll-none pxl-section-smoke_particles-no pxl-bg-color-none pxl-section-overlay-none pxl-column-overflow-hidden-no\" data-id=\"537bca5\" data-element_type=\"section\" data-settings=\"{&quot;stretch_section&quot;:&quot;section-stretched&quot;}\">\n\n                \n                <div class=\"elementor-container elementor-column-gap-extended \">\n                <div class=\"elementor-column elementor-col-100 elementor-top-column elementor-element elementor-element-269e8b2 pxl-column-none pxl-section-offset-none\" data-id=\"269e8b2\" data-element_type=\"column\">\r\n                            <div class=\"elementor-widget-wrap\">\r\n         \r\n                    <\/div>\r\n        <\/div>\r\n        \t\t\t<\/div>\n\t\t<\/section>\n\t\t<div class=\"elementor-element elementor-element-ea7a12c e-flex e-con-boxed e-con e-parent\" data-id=\"ea7a12c\" data-element_type=\"container\" data-settings=\"{&quot;container_type&quot;:&quot;flex&quot;,&quot;content_width&quot;:&quot;boxed&quot;}\" data-core-v316-plus=\"true\">\n\t\t\t\t\t<div class=\"e-con-inner\">\n\t\t\t\t\t<\/div>\n\t\t\t\t<\/div>\n\t\t<div class=\"elementor-element elementor-element-30dbbca e-flex e-con-boxed e-con e-parent\" data-id=\"30dbbca\" data-element_type=\"container\" data-settings=\"{&quot;container_type&quot;:&quot;flex&quot;,&quot;content_width&quot;:&quot;boxed&quot;}\" data-core-v316-plus=\"true\">\n\t\t\t\t\t<div class=\"e-con-inner\">\n\t\t<div class=\"elementor-element elementor-element-b7b8759 e-flex e-con-boxed e-con e-child\" data-id=\"b7b8759\" data-element_type=\"container\" data-settings=\"{&quot;container_type&quot;:&quot;flex&quot;,&quot;content_width&quot;:&quot;boxed&quot;}\">\n\t\t\t\t\t<div class=\"e-con-inner\">\n\t\t\t\t\t<\/div>\n\t\t\t\t<\/div>\n\t\t\t\t\t<\/div>\n\t\t\t\t<\/div>\n\t\t<div class=\"elementor-element elementor-element-9c82bd1 e-flex e-con-boxed e-con e-parent\" data-id=\"9c82bd1\" data-element_type=\"container\" data-settings=\"{&quot;container_type&quot;:&quot;flex&quot;,&quot;content_width&quot;:&quot;boxed&quot;}\" data-core-v316-plus=\"true\">\n\t\t\t\t\t<div class=\"e-con-inner\">\n\t\t\t\t<div class=\"elementor-element elementor-element-5b83f7d elementor-widget elementor-widget-heading\" data-id=\"5b83f7d\" data-element_type=\"widget\" data-widget_type=\"heading.default\">\n\t\t\t\t<div class=\"elementor-widget-container\">\n\t\t\t<style>\/*! elementor - v3.19.0 - 28-02-2024 *\/\n.elementor-heading-title{padding:0;margin:0;line-height:1}.elementor-widget-heading .elementor-heading-title[class*=elementor-size-]>a{color:inherit;font-size:inherit;line-height:inherit}.elementor-widget-heading .elementor-heading-title.elementor-size-small{font-size:15px}.elementor-widget-heading .elementor-heading-title.elementor-size-medium{font-size:19px}.elementor-widget-heading .elementor-heading-title.elementor-size-large{font-size:29px}.elementor-widget-heading .elementor-heading-title.elementor-size-xl{font-size:39px}.elementor-widget-heading .elementor-heading-title.elementor-size-xxl{font-size:59px}<\/style><h2 class=\"elementor-heading-title elementor-size-default\">T\u00c9RMINOS Y CONDICIONES GENERALES PARA PROMOCIONES<\/h2>\t\t<\/div>\n\t\t\t\t<\/div>\n\t\t\t\t\t<\/div>\n\t\t\t\t<\/div>\n\t\t<div class=\"elementor-element elementor-element-e6d6005 e-flex e-con-boxed e-con e-parent\" data-id=\"e6d6005\" data-element_type=\"container\" data-settings=\"{&quot;container_type&quot;:&quot;flex&quot;,&quot;content_width&quot;:&quot;boxed&quot;}\" data-core-v316-plus=\"true\">\n\t\t\t\t\t<div class=\"e-con-inner\">\n\t\t\t\t<div class=\"elementor-element elementor-element-a9f9b3d elementor-widget elementor-widget-text-editor\" data-id=\"a9f9b3d\" data-element_type=\"widget\" id=\"termnycond\" data-widget_type=\"text-editor.default\">\n\t\t\t\t<div class=\"elementor-widget-container\">\n\t\t\t<style>\/*! elementor - v3.19.0 - 28-02-2024 *\/\n.elementor-widget-text-editor.elementor-drop-cap-view-stacked .elementor-drop-cap{background-color:#69727d;color:#fff}.elementor-widget-text-editor.elementor-drop-cap-view-framed .elementor-drop-cap{color:#69727d;border:3px solid;background-color:transparent}.elementor-widget-text-editor:not(.elementor-drop-cap-view-default) .elementor-drop-cap{margin-top:8px}.elementor-widget-text-editor:not(.elementor-drop-cap-view-default) .elementor-drop-cap-letter{width:1em;height:1em}.elementor-widget-text-editor .elementor-drop-cap{float:left;text-align:center;line-height:1;font-size:50px}.elementor-widget-text-editor .elementor-drop-cap-letter{display:inline-block}<\/style>\t\t\t\t<p><span style=\"color: #ffffff;\">COMPRAS EN P\u00c1GINA WEB.<\/span><br \/><br \/><span style=\"color: #ffffff;\">-De acuerdo a la fecha de inscripci\u00f3n, el pr\u00f3ximo pago se realizar\u00e1 a los 30 d\u00edas del pr\u00f3ximo mes \u00a0<\/span><br \/><br \/><span style=\"color: #ffffff;\">\u2013 Las promociones no son transferibles a terceros.<\/span><br \/><br \/><span style=\"color: #ffffff;\">\u2013 Las promociones no son acumulables.<\/span><br \/><br \/><span style=\"color: #ffffff;\">\u2013 Solo aplican para usuarios sin adeudos previos.<\/span><br \/><br \/><span style=\"color: #ffffff;\">\u2013 No podr\u00e1n registrarse por internet personas menores de 18 a\u00f1os, quienes por normatividad y capacidad legal no lo tienen permitido.<\/span><br \/><br \/><span style=\"color: #ffffff;\">\u2013 En caso de proporcionar informaci\u00f3n err\u00f3nea o incorrecta para acceder a una promoci\u00f3n la misma ser\u00e1 cancelada.<\/span><br \/><br \/><span style=\"color: #ffffff;\">\u2013 Las promociones aplican solo para territorio mexicano.<\/span><br \/><br \/><span style=\"color: #ffffff;\">\u2013 La aceptaci\u00f3n del Usuario al participar en cualquiera de las promociones, implica el conocimiento y su consentimiento expreso y sin reservas de los T\u00e9rminos y Condiciones espec\u00edficos para dicha promoci\u00f3n.<\/span><br \/><br \/><span style=\"color: #ffffff;\">\u2013 En caso de resultar necesario, y\/o a discreci\u00f3n de ALPHA GYM se reserva el derecho de ampliar y\/o aclarar el alcance de los presentes T\u00e9rminos y Condiciones, y\/o cualquiera de las promociones, los cuales ser\u00e1n comunicados a trav\u00e9s de las redes sociales y del portal de la promoci\u00f3n.<\/span><\/p>\t\t\t\t\t\t<\/div>\n\t\t\t\t<\/div>\n\t\t\t\t\t<\/div>\n\t\t\t\t<\/div>\n\t\t\t\t<\/div>\n\t\t","protected":false},"excerpt":{"rendered":"<p>T\u00c9RMINOS Y CONDICIONES GENERALES PARA PROMOCIONES COMPRAS EN P\u00c1GINA WEB. -De acuerdo a la fecha de inscripci\u00f3n, el pr\u00f3ximo pago se realizar\u00e1 a los 30 d\u00edas del pr\u00f3ximo mes \u00a0 \u2013 Las promociones no son transferibles a terceros. \u2013 Las promociones no son acumulables. \u2013 Solo aplican para usuarios sin adeudos previos. \u2013 No podr\u00e1n [&hellip;]<\/p>\n","protected":false},"author":2,"featured_media":0,"parent":0,"menu_order":0,"comment_status":"closed","ping_status":"closed","template":"","meta":{"footnotes":""},"_links":{"self":[{"href":"https:\/\/alphagym.mx\/index.php?rest_route=\/wp\/v2\/pages\/1769"}],"collection":[{"href":"https:\/\/alphagym.mx\/index.php?rest_route=\/wp\/v2\/pages"}],"about":[{"href":"https:\/\/alphagym.mx\/index.php?rest_route=\/wp\/v2\/types\/page"}],"author":[{"embeddable":true,"href":"https:\/\/alphagym.mx\/index.php?rest_route=\/wp\/v2\/users\/2"}],"replies":[{"embeddable":true,"href":"https:\/\/alphagym.mx\/index.php?rest_route=%2Fwp%2Fv2%2Fcomments&post=1769"}],"version-history":[{"count":11,"href":"https:\/\/alphagym.mx\/index.php?rest_route=\/wp\/v2\/pages\/1769\/revisions"}],"predecessor-version":[{"id":7392,"href":"https:\/\/alphagym.mx\/index.php?rest_route=\/wp\/v2\/pages\/1769\/revisions\/7392"}],"wp:attachment":[{"href":"https:\/\/alphagym.mx\/index.php?rest_route=%2Fwp%2Fv2%2Fmedia&parent=1769"}],"curies":[{"name":"wp","href":"https:\/\/api.w.org\/{rel}","templated":true}]}}