    {"id":7166,"date":"2024-03-13T22:14:43","date_gmt":"2024-03-13T21:14:43","guid":{"rendered":"https:\/\/alphagym.mx\/home\/memopv10\/public_html\/alphagym.mx\/?page_id=7166"},"modified":"2024-03-19T10:11:37","modified_gmt":"2024-03-19T17:11:37","slug":"reglamento-para-el-uso-de-las-canchas-de-padel","status":"publish","type":"page","link":"https:\/\/alphagym.mx\/?page_id=7166","title":{"rendered":"REGLAMENTO PARA EL USO DE LAS CANCHAS DE P\u00c1DEL"},"content":{"rendered":"\t\t<div data-elementor-type=\"wp-page\" data-elementor-id=\"7166\" class=\"elementor elementor-7166\" data-elementor-post-type=\"page\">\n\t\t\t\t<div class=\"elementor-element elementor-element-e53e9a4 e-flex e-con-boxed e-con e-parent\" data-id=\"e53e9a4\" data-element_type=\"container\" data-settings=\"{&quot;container_type&quot;:&quot;flex&quot;,&quot;content_width&quot;:&quot;boxed&quot;}\" data-core-v316-plus=\"true\">\n\t\t\t\t\t<div class=\"e-con-inner\">\n\t\t\t\t\t<\/div>\n\t\t\t\t<\/div>\n\t\t<div class=\"elementor-element elementor-element-7f1a553 e-flex e-con-boxed e-con e-parent\" data-id=\"7f1a553\" data-element_type=\"container\" data-settings=\"{&quot;container_type&quot;:&quot;flex&quot;,&quot;content_width&quot;:&quot;boxed&quot;}\" data-core-v316-plus=\"true\">\n\t\t\t\t\t<div class=\"e-con-inner\">\n\t\t\t\t\t<\/div>\n\t\t\t\t<\/div>\n\t\t<div class=\"elementor-element elementor-element-17562f1 e-flex e-con-boxed e-con e-parent\" data-id=\"17562f1\" data-element_type=\"container\" data-settings=\"{&quot;container_type&quot;:&quot;flex&quot;,&quot;content_width&quot;:&quot;boxed&quot;}\" data-core-v316-plus=\"true\">\n\t\t\t\t\t<div class=\"e-con-inner\">\n\t\t\t\t<div class=\"elementor-element elementor-element-e307d08 elementor-widget elementor-widget-heading\" data-id=\"e307d08\" data-element_type=\"widget\" data-widget_type=\"heading.default\">\n\t\t\t\t<div class=\"elementor-widget-container\">\n\t\t\t<style>\/*! elementor - v3.19.0 - 28-02-2024 *\/\n.elementor-heading-title{padding:0;margin:0;line-height:1}.elementor-widget-heading .elementor-heading-title[class*=elementor-size-]>a{color:inherit;font-size:inherit;line-height:inherit}.elementor-widget-heading .elementor-heading-title.elementor-size-small{font-size:15px}.elementor-widget-heading .elementor-heading-title.elementor-size-medium{font-size:19px}.elementor-widget-heading .elementor-heading-title.elementor-size-large{font-size:29px}.elementor-widget-heading .elementor-heading-title.elementor-size-xl{font-size:39px}.elementor-widget-heading .elementor-heading-title.elementor-size-xxl{font-size:59px}<\/style><h2 class=\"elementor-heading-title elementor-size-default\">REGLAMENTO PARA EL USO DE LAS CANCHAS DE P\u00c1DEL<\/h2>\t\t<\/div>\n\t\t\t\t<\/div>\n\t\t\t\t\t<\/div>\n\t\t\t\t<\/div>\n\t\t<div class=\"elementor-element elementor-element-ef2b48b e-flex e-con-boxed e-con e-parent\" data-id=\"ef2b48b\" data-element_type=\"container\" data-settings=\"{&quot;container_type&quot;:&quot;flex&quot;,&quot;content_width&quot;:&quot;boxed&quot;}\" data-core-v316-plus=\"true\">\n\t\t\t\t\t<div class=\"e-con-inner\">\n\t\t\t\t<div class=\"elementor-element elementor-element-cdcdaf9 elementor-widget elementor-widget-text-editor\" data-id=\"cdcdaf9\" data-element_type=\"widget\" id=\"regpadel\" data-widget_type=\"text-editor.default\">\n\t\t\t\t<div class=\"elementor-widget-container\">\n\t\t\t<style>\/*! elementor - v3.19.0 - 28-02-2024 *\/\n.elementor-widget-text-editor.elementor-drop-cap-view-stacked .elementor-drop-cap{background-color:#69727d;color:#fff}.elementor-widget-text-editor.elementor-drop-cap-view-framed .elementor-drop-cap{color:#69727d;border:3px solid;background-color:transparent}.elementor-widget-text-editor:not(.elementor-drop-cap-view-default) .elementor-drop-cap{margin-top:8px}.elementor-widget-text-editor:not(.elementor-drop-cap-view-default) .elementor-drop-cap-letter{width:1em;height:1em}.elementor-widget-text-editor .elementor-drop-cap{float:left;text-align:center;line-height:1;font-size:50px}.elementor-widget-text-editor .elementor-drop-cap-letter{display:inline-block}<\/style>\t\t\t\t<p><span style=\"color: #ffffff;\">El uso de la cancha debe ser el correcto para el cual fue dise\u00f1ada e instalada en ALPHA GYM<\/span><\/p><p><span style=\"color: #ffffff;\">Comprende el uso de vestimenta:<\/span><\/p><p><span style=\"color: #ffffff;\">\u00a0&#8211; Calzado obligatorio de tenis (prohibido utilizar calzado de futbol, futbol r\u00e1pido, tacones, zapatos o similares).<\/span><\/p><p><span style=\"color: #ffffff;\">&#8211; Utilizar ropa deportiva adecuada para la actividad, uso de calcetas, playera deportiva y short o pantal\u00f3n deportivo.<\/span><\/p><p><span style=\"color: #ffffff;\">&#8211; Pelota de juego para p\u00e1del (prohibido utilizar otro tipo de pelotas como las de tenis, basquetbol, futbol, voleibol, squash, golf o similares) y en caso de no tener pelota de juego de p\u00e1del se podr\u00e1n comprar en ALPHA GYM con un costo asignado.<\/span><\/p><p><span style=\"color: #ffffff;\">&#8211; Pala \/ raqueta de juego de p\u00e1del, (prohibido utilizar raqueta de tenis, squash, front\u00f3n, pickelball o similares, as\u00ed como bates de baseball o similares) y en caso de no tener pala \/ raqueta de juego de p\u00e1del se podr\u00e1n rentar en ALPHA GYM con un costo asignado por hora, cada una.<\/span><\/p><p><span style=\"color: #ffffff;\">&#8211; El m\u00e1ximo de jugadores\/personas permitido por juego dentro del \u00e1rea de juego es de 4.<\/span><\/p><p><span style=\"color: #ffffff;\">Con respecto al uso y asignaci\u00f3n de cancha:<\/span><\/p><p><span style=\"color: #ffffff;\">&#8211; Los horarios y d\u00edas h\u00e1biles podr\u00e1n consultarse en la p\u00e1gina web <a style=\"color: #ffffff;\" href=\"http:\/\/www.alphagym.mx\">www.alphagym.mx<\/a><\/span><\/p><p><span style=\"color: #ffffff;\">&#8211;\u00a0 Alpha Gym podr\u00e1 cerrar la unidad o modificar el horario por alg\u00fan trabajo de reparaci\u00f3n o remodelaci\u00f3n o por alguna necesidad operativa en las instalaciones, notificando a los usuarios por medio de comunicados en recepci\u00f3n o correo electr\u00f3nico o redes sociales, siendo estos los medios de forma enunciativa m\u00e1s no limitativa.<\/span><\/p><p><span style=\"color: #ffffff;\">&#8211; La asignaci\u00f3n de cancha ser\u00e1 por conducto de la recepci\u00f3n de ALPHA GYM, por lo que los jugadores deber\u00e1n estar 15 minutos antes de su reservaci\u00f3n para registrarse y estar presentes.<\/span><\/p><p><span style=\"color: #ffffff;\">&#8211; De no estar presentes la totalidad de los jugadores en la cancha asignada y una vez transcurridos 15 minutos despu\u00e9s de la hora se\u00f1alada para su ocupaci\u00f3n, la recepci\u00f3n de ALPHA GYM tiene la facultad de cancelar el turno y asignarlo al siguiente grupo de jugadores en espera de la cancha.<\/span><\/p><p><span style=\"color: #ffffff;\">&#8211; En caso de reservaci\u00f3n, la sustituci\u00f3n de nombres en el registro de asignaci\u00f3n de chancha de p\u00e1del, solo se podr\u00e1 dar con la autorizaci\u00f3n expresa en la recepci\u00f3n de ALPHA GYM.<\/span><\/p><p><span style=\"color: #ffffff;\">&#8211; El tiempo asignado de juego ser\u00e1 por el tiempo contratado en periodos de 1 hora, el tiempo oficial ser\u00e1 medido con el reloj digital ubicado en la cancha de p\u00e1del<\/span><\/p><p><span style=\"color: #ffffff;\">&#8211; El uso de la cancha es \u00fanicamente para el juego de p\u00e1del, queda prohibido cualquier otra actividad, recreativa o deportiva<\/span><\/p><p><span style=\"color: #ffffff;\">&#8211; Se deber\u00e1 revisar la suela del calzado antes de ingresar a la cancha, para evitar arrastrar piedras, clavos o cualquier objeto que pueda da\u00f1ar la alfombra sint\u00e9tica.<\/span><\/p><p><span style=\"color: #ffffff;\">&#8211; Solo se permitir\u00e1 la presencia de los jugadores dentro del \u00e1rea de juego<\/span><\/p><p><span style=\"color: #ffffff;\">&#8211; La sustituci\u00f3n de jugadores no genera ampliaci\u00f3n de horario asignado.<\/span><\/p><p><span style=\"color: #ffffff;\">&#8211; Prohibido retirar arena de la cancha.<\/span><\/p><p><span style=\"color: #ffffff;\">&#8211; Prohibido colgarse de la malla electrosoldada.<\/span><\/p><p><span style=\"color: #ffffff;\">&#8211; Prohibido recargarse o sentarse en la red de juego, as\u00ed como en los postes que la sostienen.<\/span><\/p><p><span style=\"color: #ffffff;\">&#8211; El personal, del \u00e1rea de deportes, de mantenimiento y administrativo, tendr\u00e1n la facultad de impedir el acceso a las canchas a cualquier jugador que a su juicio se presente, incorrectamente vestido, o se maneje indebidamente en el \u00e1rea de juego.<\/span><\/p><p><span style=\"color: #ffffff;\">&#8211; Prohibido fumar dentro de la de cancha, as\u00ed como introducir vasos de vidrio, bebidas o comer dentro del \u00e1rea.<\/span><\/p><p><span style=\"color: #ffffff;\">&#8211; Si alg\u00fan usuario se encuentra jugando y desea continuar, deber\u00e1 solicitarlo y pagarlo en a la recepci\u00f3n de ALPHA GYM una vez que haya terminado su tiempo de juego, para que esta le asigne su nuevo horario de juego.<\/span><\/p><p><span style=\"color: #ffffff;\">&#8211; Una vez terminado el tiempo de juego asignado, los jugadores deben desalojar la cancha lo antes posible para que los pr\u00f3ximos jugadores puedan ocuparla.<\/span><\/p><p><span style=\"color: #ffffff;\">&#8211; Para hacer uso de las canchas se debe de contar con la reserva respectiva en a trav\u00e9s de nuestro portal de Internet www.alphagym.mx o realizarla directamente en la recepci\u00f3n de ALPHA GYM<\/span><\/p>\t\t\t\t\t\t<\/div>\n\t\t\t\t<\/div>\n\t\t\t\t\t<\/div>\n\t\t\t\t<\/div>\n\t\t\t\t<\/div>\n\t\t","protected":false},"excerpt":{"rendered":"<p>REGLAMENTO PARA EL USO DE LAS CANCHAS DE P\u00c1DEL El uso de la cancha debe ser el correcto para el cual fue dise\u00f1ada e instalada en ALPHA GYM Comprende el uso de vestimenta: \u00a0&#8211; Calzado obligatorio de tenis (prohibido utilizar calzado de futbol, futbol r\u00e1pido, tacones, zapatos o similares). &#8211; Utilizar ropa deportiva adecuada para [&hellip;]<\/p>\n","protected":false},"author":2,"featured_media":0,"parent":0,"menu_order":0,"comment_status":"closed","ping_status":"closed","template":"","meta":{"footnotes":""},"_links":{"self":[{"href":"https:\/\/alphagym.mx\/index.php?rest_route=\/wp\/v2\/pages\/7166"}],"collection":[{"href":"https:\/\/alphagym.mx\/index.php?rest_route=\/wp\/v2\/pages"}],"about":[{"href":"https:\/\/alphagym.mx\/index.php?rest_route=\/wp\/v2\/types\/page"}],"author":[{"embeddable":true,"href":"https:\/\/alphagym.mx\/index.php?rest_route=\/wp\/v2\/users\/2"}],"replies":[{"embeddable":true,"href":"https:\/\/alphagym.mx\/index.php?rest_route=%2Fwp%2Fv2%2Fcomments&post=7166"}],"version-history":[{"count":7,"href":"https:\/\/alphagym.mx\/index.php?rest_route=\/wp\/v2\/pages\/7166\/revisions"}],"predecessor-version":[{"id":7384,"href":"https:\/\/alphagym.mx\/index.php?rest_route=\/wp\/v2\/pages\/7166\/revisions\/7384"}],"wp:attachment":[{"href":"https:\/\/alphagym.mx\/index.php?rest_route=%2Fwp%2Fv2%2Fmedia&parent=7166"}],"curies":[{"name":"wp","href":"https:\/\/api.w.org\/{rel}","templated":true}]}}