    {"id":7179,"date":"2024-03-13T22:23:38","date_gmt":"2024-03-13T21:23:38","guid":{"rendered":"https:\/\/alphagym.mx\/home\/memopv10\/public_html\/alphagym.mx\/?page_id=7179"},"modified":"2024-03-19T10:21:19","modified_gmt":"2024-03-19T17:21:19","slug":"reglamento-de-uso-de-instalaciones","status":"publish","type":"page","link":"https:\/\/alphagym.mx\/?page_id=7179","title":{"rendered":"REGLAMENTO DE USO DE INSTALACIONES"},"content":{"rendered":"\t\t<div data-elementor-type=\"wp-page\" data-elementor-id=\"7179\" class=\"elementor elementor-7179\" data-elementor-post-type=\"page\">\n\t\t\t\t<div class=\"elementor-element elementor-element-4b868a9 e-flex e-con-boxed e-con e-parent\" data-id=\"4b868a9\" data-element_type=\"container\" data-settings=\"{&quot;container_type&quot;:&quot;flex&quot;,&quot;content_width&quot;:&quot;boxed&quot;}\" data-core-v316-plus=\"true\">\n\t\t\t\t\t<div class=\"e-con-inner\">\n\t\t\t\t\t<\/div>\n\t\t\t\t<\/div>\n\t\t<div class=\"elementor-element elementor-element-89fc773 e-flex e-con-boxed e-con e-parent\" data-id=\"89fc773\" data-element_type=\"container\" data-settings=\"{&quot;container_type&quot;:&quot;flex&quot;,&quot;content_width&quot;:&quot;boxed&quot;}\" data-core-v316-plus=\"true\">\n\t\t\t\t\t<div class=\"e-con-inner\">\n\t\t\t\t\t<\/div>\n\t\t\t\t<\/div>\n\t\t<div class=\"elementor-element elementor-element-08ef4b9 e-flex e-con-boxed e-con e-parent\" data-id=\"08ef4b9\" data-element_type=\"container\" data-settings=\"{&quot;container_type&quot;:&quot;flex&quot;,&quot;content_width&quot;:&quot;boxed&quot;}\" data-core-v316-plus=\"true\">\n\t\t\t\t\t<div class=\"e-con-inner\">\n\t\t\t\t<div class=\"elementor-element elementor-element-4917dd1 elementor-widget elementor-widget-heading\" data-id=\"4917dd1\" data-element_type=\"widget\" data-widget_type=\"heading.default\">\n\t\t\t\t<div class=\"elementor-widget-container\">\n\t\t\t<style>\/*! elementor - v3.19.0 - 28-02-2024 *\/\n.elementor-heading-title{padding:0;margin:0;line-height:1}.elementor-widget-heading .elementor-heading-title[class*=elementor-size-]>a{color:inherit;font-size:inherit;line-height:inherit}.elementor-widget-heading .elementor-heading-title.elementor-size-small{font-size:15px}.elementor-widget-heading .elementor-heading-title.elementor-size-medium{font-size:19px}.elementor-widget-heading .elementor-heading-title.elementor-size-large{font-size:29px}.elementor-widget-heading .elementor-heading-title.elementor-size-xl{font-size:39px}.elementor-widget-heading .elementor-heading-title.elementor-size-xxl{font-size:59px}<\/style><h2 class=\"elementor-heading-title elementor-size-default\"><br>REGLAMENTO DE USO DE INSTALACIONES<\/h2>\t\t<\/div>\n\t\t\t\t<\/div>\n\t\t\t\t\t<\/div>\n\t\t\t\t<\/div>\n\t\t<div class=\"elementor-element elementor-element-a8a2585 e-flex e-con-boxed e-con e-parent\" data-id=\"a8a2585\" data-element_type=\"container\" data-settings=\"{&quot;container_type&quot;:&quot;flex&quot;,&quot;content_width&quot;:&quot;boxed&quot;}\" data-core-v316-plus=\"true\">\n\t\t\t\t\t<div class=\"e-con-inner\">\n\t\t\t\t<div class=\"elementor-element elementor-element-df28313 elementor-widget elementor-widget-text-editor\" data-id=\"df28313\" data-element_type=\"widget\" id=\"regusoinst\" data-widget_type=\"text-editor.default\">\n\t\t\t\t<div class=\"elementor-widget-container\">\n\t\t\t<style>\/*! elementor - v3.19.0 - 28-02-2024 *\/\n.elementor-widget-text-editor.elementor-drop-cap-view-stacked .elementor-drop-cap{background-color:#69727d;color:#fff}.elementor-widget-text-editor.elementor-drop-cap-view-framed .elementor-drop-cap{color:#69727d;border:3px solid;background-color:transparent}.elementor-widget-text-editor:not(.elementor-drop-cap-view-default) .elementor-drop-cap{margin-top:8px}.elementor-widget-text-editor:not(.elementor-drop-cap-view-default) .elementor-drop-cap-letter{width:1em;height:1em}.elementor-widget-text-editor .elementor-drop-cap{float:left;text-align:center;line-height:1;font-size:50px}.elementor-widget-text-editor .elementor-drop-cap-letter{display:inline-block}<\/style>\t\t\t\t<p class=\"MsoNormal\" style=\"text-align: center;\" align=\"center\">\n<\/p><p class=\"MsoNormal\" style=\"text-align: justify;\"><span lang=\"ES-MX\" style=\"color: #ffffff;\">&nbsp;Al hacer uso de las instalaciones de Alpha Gym el usuario manifiesta que es su libre voluntad obligarse a acatar en su totalidad los siguientes lineamientos:<\/span><\/p>\n<p class=\"MsoNormal\" style=\"text-align: justify;\"><span style=\"color: #ffffff;\"><b><span lang=\"ES-MX\">&nbsp;1. USO DE LAS INSTALACIONES:<\/span><\/b><\/span><\/p>\n<p class=\"MsoNormal\" style=\"text-align: justify;\"><span lang=\"ES-MX\" style=\"color: #ffffff;\">a) El ingreso a las instalaciones se har\u00e1 sin excepci\u00f3n, mediante registro de huella digital de los usuarios en los torniquetes de entrada.<\/span><\/p>\n<p class=\"MsoNormal\" style=\"text-align: justify;\"><span lang=\"ES-MX\" style=\"color: #ffffff;\">b) El ingreso de los jugadores de p\u00e1del que no sean usuarios del gimnasio de Alpha Gym, lo har\u00e1 directamente recepci\u00f3n.&nbsp; <\/span><\/p>\n<p class=\"MsoNormal\" style=\"text-align: justify;\"><span lang=\"ES-MX\" style=\"color: #ffffff;\">c) Todos los usuarios deber\u00e1n portar ropa y calzado deportivo adecuado y funcional para la pr\u00e1ctica de actividades f\u00edsicas, motivo por el cual no se permite estar sin camisa dentro de las instalaciones. <\/span><\/p>\n<p class=\"MsoNormal\" style=\"text-align: justify;\"><span lang=\"ES-MX\" style=\"color: #ffffff;\">d) Al terminar la actividad f\u00edsica, el usuario deber\u00e1 devolver el equipo utilizado a su lugar y limpiar su \u00e1rea de entrenamiento, as\u00ed como los aparatos utilizados antes de retirarse.<\/span><\/p>\n<p class=\"MsoNormal\" style=\"text-align: justify;\"><span lang=\"ES-MX\" style=\"color: #ffffff;\">e) Las mancuernas y discos deber\u00e1n permanecer dentro del piso ahulado de la zona de peso libre en todo momento.<\/span><\/p>\n<p class=\"MsoNormal\" style=\"text-align: justify;\"><span lang=\"ES-MX\" style=\"color: #ffffff;\">f) Est\u00e1 prohibido azotar, arrojar y dar uso inadecuado a los equipos, accesorios y\/o instalaciones. En caso de ocasionar da\u00f1o a los equipos o a las instalaciones del gimnasio por uso indebido del equipo, la reparaci\u00f3n o reposici\u00f3n de los mismos deber\u00e1 ser cubierta por el usuario en su totalidad, con independencia a las medidas determinadas por Alpha Gym.<\/span><\/p>\n<p class=\"MsoNormal\" style=\"text-align: justify;\"><span lang=\"ES-MX\" style=\"color: #ffffff;\">g) El usuario deber\u00e1 evitar tener acciones que perturben la tranquilidad de los dem\u00e1s, en el entendido que cualquier ruido excesivo ser\u00e1 sancionado conforme a las disposiciones del presente reglamento.<\/span><\/p>\n<p class=\"MsoNormal\" style=\"text-align: justify;\"><span lang=\"ES-MX\" style=\"color: #ffffff;\">h) No se permite comercializar, ni ofrecer ning\u00fan tipo de producto o servicio dentro de las instalaciones de Alpha Gym.<\/span><\/p>\n<p class=\"MsoNormal\" style=\"text-align: justify;\"><span lang=\"ES-MX\" style=\"color: #ffffff;\">i) Est\u00e1 prohibido hacer uso de las instalaciones del gimnasio para repartir volantes, folletos, piezas promocionales, cupones, demostraci\u00f3n de mercanc\u00edas y cualquier tipo de actividad lucrativa o publicidad personal, colectas o donativos para cualquier causa, salvo que medie autorizaci\u00f3n por escrito por parte de la gerencia de Alpha Gym.<\/span><\/p>\n<p class=\"MsoNormal\" style=\"text-align: justify;\"><span lang=\"ES-MX\" style=\"color: #ffffff;\">j) Los usuarios deber\u00e1n conducirse de manera respetuosa hacia el Staff de la unidad, usuarios e invitados, motivo por el cual se proh\u00edben los gritos, uso de palabras altisonantes, as\u00ed como, cualquier agresi\u00f3n f\u00edsica o verbal dentro de las instalaciones.<\/span><\/p>\n<p class=\"MsoNormal\" style=\"text-align: justify;\"><span lang=\"ES-MX\" style=\"color: #ffffff;\">k) No est\u00e1 permitido ingerir alimentos en ninguna de las \u00e1reas de entrenamiento ni instalaciones del gimnasio.<\/span><\/p>\n<p class=\"MsoNormal\" style=\"text-align: justify;\"><span lang=\"ES-MX\" style=\"color: #ffffff;\">l) Los equipos deber\u00e1n ser alternados entre los usuarios, especialmente en las horas de mayor afluencia evitando permanecer sentado en los mismos sin utilizarlos y no exceder de 30 minutos por cada equipo utilizado.<\/span><\/p>\n<p class=\"MsoNormal\" style=\"text-align: justify;\"><span lang=\"ES-MX\" style=\"color: #ffffff;\">m) No se permite el ingreso de acompa\u00f1antes de usuarios que no se encuentren inscritos en Alpha Gym, salvo que se trate de personas de asistencia o ayuda m\u00e9dica siempre y cuando, cumpla con los requisitos establecidos para tales efectos.<\/span><\/p>\n<p class=\"MsoNormal\" style=\"text-align: justify;\"><span lang=\"ES-MX\" style=\"color: #ffffff;\">n) En caso de que la afluencia de la unidad lo requiera, el usuario deber\u00e1 registrarse y respetar las listas de espera para cabinas o aparatos de acuerdo a las indicaciones del personal de la unidad.<\/span><\/p>\n<p class=\"MsoNormal\" style=\"text-align: justify;\"><span lang=\"ES-MX\" style=\"color: #ffffff;\">o) No se permite dejar objetos personales en las \u00e1reas de entrenamiento, cabinas, aparatos de ejercicio o muebles del gimnasio; ya que en caso de extrav\u00edo Alpha Gym no ser\u00e1 responsable por los mismos.<\/span><\/p>\n<p class=\"MsoNormal\" style=\"text-align: justify;\"><span lang=\"ES-MX\" style=\"color: #ffffff;\">p) Es obligaci\u00f3n del usuario alternar los aparatos, equipos, accesorios y todo aquello de lo que dispone la unidad para su uso. Queda prohibido para los usuarios obstaculizar el uso de las instalaciones con conductas contrarias a esta disposici\u00f3n como mantenerse sentado una vez finalizada la utilizaci\u00f3n del equipo, aparato y\/o accesorio impidiendo que otro(s) pueda(n) utilizarlos. <\/span><\/p>\n<p class=\"MsoNormal\" style=\"text-align: justify;\"><span style=\"color: #ffffff;\"><b><span lang=\"ES-MX\">2. SEGURIDAD:<\/span><\/b><\/span><\/p>\n<p class=\"MsoNormal\" style=\"text-align: justify;\"><span lang=\"ES-MX\" style=\"color: #ffffff;\">a) Est\u00e1 prohibido fumar, ingresar o ingerir cualquier tipo de bebidas alcoh\u00f3licas, drogas, estupefacientes o cualquier enervante dentro de las instalaciones.<\/span><\/p>\n<p class=\"MsoNormal\" style=\"text-align: justify;\"><span lang=\"ES-MX\" style=\"color: #ffffff;\">b) Se negar\u00e1 el acceso a usuarios que pretendan ingresar a las instalaciones con aliento alcoh\u00f3lico o que se presuma se encuentran bajo la influencia de drogas.<\/span><\/p>\n<p class=\"MsoNormal\" style=\"text-align: justify;\"><span lang=\"ES-MX\" style=\"color: #ffffff;\">c) Ning\u00fan usuario podr\u00e1 ingresar a las instalaciones portando armas u objetos punzocortantes.<\/span><\/p>\n<p class=\"MsoNormal\" style=\"text-align: justify;\"><span lang=\"ES-MX\" style=\"color: #ffffff;\">d) Se proh\u00edbe realizar acciones fuera de las actividades f\u00edsicas propias del gimnasio que puedan da\u00f1ar o poner en peligro a los usuarios y\/o personal de Alpha Gym, tales como correr, jugar entre usuarios o con los equipos. <\/span><\/p>\n<p class=\"MsoNormal\" style=\"text-align: justify;\"><span lang=\"ES-MX\" style=\"color: #ffffff;\">e) Alpha Gym podr\u00e1 desalojar los casilleros una vez culmine el horario de operaci\u00f3n de la unidad, deslindando de cualquier responsabilidad.<\/span><\/p>\n<p class=\"MsoNormal\" style=\"text-align: justify;\"><span lang=\"ES-MX\" style=\"color: #ffffff;\">f) El staff tiene prohibido resguardar objetos personales en recepci\u00f3n, incluyendo medios de transporte como bicicletas (a\u00fan plegables), patinetas, patines, deslizadores el\u00e9ctricos y similares, as\u00ed como accesorios de los mismos, motivos por el cual el usuario no deber\u00e1 insistir.<\/span><\/p>\n<p class=\"MsoNormal\" style=\"text-align: justify;\"><span lang=\"ES-MX\" style=\"color: #ffffff;\">g) Todos los usuarios manifiestan que su estado de salud es \u00f3ptimo para realizar actividades f\u00edsicas, eximiendo a Alpha Gym de cualquier responsabilidad derivada de dicha manifestaci\u00f3n en caso de ser falsa, asimismo, deber\u00e1n realizar por su cuenta, de manera peri\u00f3dica las evaluaciones m\u00e9dicas necesarias para verificar que su salud se mantenga en buen estado.<\/span><\/p>\n<p class=\"MsoNormal\" style=\"text-align: justify;\"><span lang=\"ES-MX\" style=\"color: #ffffff;\">h) Los usuarios que requieran hacer uso de las instalaciones con alg\u00fan tipo de muletas, yeso, y\/o alguna otra dificultad tendr\u00e1n que hacerlo bajo su propio riesgo en el entendido que, por alguna incapacidad y\/o condiciones de salud, Alpha Gym pone a su disposici\u00f3n mecanismos alternos como el congelamiento temporal de la membres\u00eda, siempre y cuando se cumplan con las especificaciones establecidas para tal efecto.<\/span><\/p>\n<p class=\"MsoNormal\" style=\"text-align: justify;\"><span style=\"color: #ffffff;\"><b><span lang=\"ES-MX\">3. HIGIENE:<\/span><\/b><\/span><\/p>\n<p class=\"MsoNormal\" style=\"text-align: justify;\"><span lang=\"ES-MX\" style=\"color: #ffffff;\">a) Los lavabos son de uso exclusivo para aseo de las manos y rostro, queda prohibido depilarse o lavarse el cabello o distintas partes del cuerpo en ellos.<\/span><\/p>\n<p class=\"MsoNormal\" style=\"text-align: justify;\"><span lang=\"ES-MX\" style=\"color: #ffffff;\">b) Sin excepci\u00f3n alguna el uso de las regaderas, ser\u00e1 individual.<\/span><\/p>\n<p class=\"MsoNormal\" style=\"text-align: justify;\"><span lang=\"ES-MX\" style=\"color: #ffffff;\">c) Ser\u00e1 obligaci\u00f3n del usuario procurar buenas pr\u00e1cticas de higiene dentro de las instalaciones.<\/span><\/p>\n<p class=\"MsoNormal\" style=\"text-align: justify;\"><span lang=\"ES-MX\" style=\"color: #ffffff;\">d) Ser\u00e1 necesario que el usuario utilice una toalla para limpiar el sudor de los aparatos.<\/span><\/p>\n<p class=\"MsoNormal\" style=\"text-align: justify;\"><span style=\"color: #ffffff;\"><b><span lang=\"ES-MX\">4. MENORES DE EDAD:<\/span><\/b><\/span><\/p>\n<p class=\"MsoNormal\" style=\"text-align: justify;\"><span lang=\"ES-MX\" style=\"color: #ffffff;\">a) Los menores de edad a partir de 14 a\u00f1os podr\u00e1n hacer uso de las instalaciones, presentando copia simple su acta de nacimiento, CURP y alguna identificaci\u00f3n con fotograf\u00eda del menor al momento de inscribirse y hacerlo en compa\u00f1\u00eda de un padre, madre o tutor quien firmar\u00e1 el contrato y reglamento de dicho menor, oblig\u00e1ndose al cumplimiento de todos los t\u00e9rminos y condiciones de dichos documentos. En caso de ser tutor legal, deber\u00e1 de acreditar la tutor\u00eda legal con la resoluci\u00f3n correspondiente.<\/span><\/p>\n<p class=\"MsoNormal\" style=\"text-align: justify;\"><span lang=\"ES-MX\" style=\"color: #ffffff;\">b) Se proh\u00edbe la entrada a las instalaciones a menores de 14 a\u00f1os, ni permanecer en recepci\u00f3n sin la compa\u00f1\u00eda de un adulto.<\/span><\/p>\n<p class=\"MsoNormal\" style=\"text-align: justify;\"><span lang=\"ES-MX\" style=\"color: #ffffff;\">c) El padre, madre o tutor manifiesta que, ante cualquier falta al reglamento por parte del menor, la notificaci\u00f3n de los hechos se har\u00e1 a trav\u00e9s del correo electr\u00f3nico se\u00f1alado en el contrato de servicios.<\/span><\/p>\n<p class=\"MsoNormal\" style=\"text-align: justify;\"><span style=\"color: #ffffff;\"><b><span lang=\"ES-MX\">&nbsp;5. HORARIOS:<\/span><\/b><\/span><\/p>\n<p class=\"MsoNormal\" style=\"text-align: justify;\"><span lang=\"ES-MX\" style=\"color: #ffffff;\">a) Los horarios y d\u00edas h\u00e1biles podr\u00e1n consultarse en la p\u00e1gina web <a style=\"color: #ffffff;\" href=\"http:\/\/www.alphagym.mx\/\">www.alphagym.mx<\/a><\/span><\/p>\n<p class=\"MsoNormal\" style=\"text-align: justify;\"><span lang=\"ES-MX\" style=\"color: #ffffff;\">b) Alpha Gym podr\u00e1 cerrar la unidad o modificar el horario por alg\u00fan trabajo de reparaci\u00f3n o remodelaci\u00f3n o por alguna necesidad operativa en las instalaciones, notificando a los usuarios por medio de comunicados en recepci\u00f3n o correo electr\u00f3nico o redes sociales, siendo estos los medios de forma enunciativa m\u00e1s no limitativa.<\/span><\/p>\n<p class=\"MsoNormal\" style=\"text-align: justify;\"><span lang=\"ES-MX\" style=\"color: #ffffff;\">c) El proceso de cierre de la unidad comenzar\u00e1 30 minutos antes de la hora de cierre, reduciendo el n\u00famero de luces encendidas y disminuyendo el volumen de la m\u00fasica. Diez minutos antes de cierre se restringe el acceso a las regaderas y cinco minutos antes se acciona la alarma. Los usuarios deber\u00e1n atender a este procedimiento sin excepci\u00f3n alguna y ser\u00e1 su responsabilidad atender las indicaciones del staff y de este procedimiento programando su salida y retir\u00e1ndose de la unidad sin retrasar la hora de cierre.<\/span><\/p>\n<p class=\"MsoNormal\" style=\"text-align: justify;\"><span style=\"color: #ffffff;\"><b><span lang=\"ES-MX\">6. ENTRENADORES:<\/span><\/b><\/span><\/p>\n<p class=\"MsoNormal\" style=\"text-align: justify;\"><span lang=\"ES-MX\" style=\"color: #ffffff;\">a) Alpha Gym ofrece el servicio de entrenadores de acondicionamiento F\u00edsico de manera gratuita, ellos son quienes determinaran el tiempo para la siguiente asesor\u00eda de entrenamiento.<\/span><\/p>\n<p class=\"MsoNormal\" style=\"text-align: justify;\"><span lang=\"ES-MX\" style=\"color: #ffffff;\">b) Es responsabilidad del usuario solicitar ayuda con un instructor si no est\u00e1 familiarizado con los equipos y accesorios para entrenar, deslindando expresamente el usuario a personal de Alpha Gym por el desconocimiento o falta de pericia en el manejo de los aparatos ubicados en las instalaciones.<\/span><\/p>\n<p class=\"MsoNormal\" style=\"text-align: justify;\"><span lang=\"ES-MX\" style=\"color: #ffffff;\">c) Si alg\u00fan usuario requiere de entrenamiento personalizado, podr\u00e1 consultar en recepci\u00f3n la lista de entrenadores personales externos, de los cuales Alpha Gym a solicitud de los mismos, registra sus datos con fines de identificaci\u00f3n, acreditaci\u00f3n y control; en el entendido que los entrenadores personales no forman parte de la plantilla laboral de Staff de Alpha Gym y el uso de sus servicios queda a entera conformidad y costa del usuario, deslindando expresamente a Alpha Gym por cualquier inconveniente o da\u00f1o generado en dicho servicio.<\/span><\/p>\n<p class=\"MsoNormal\" style=\"text-align: justify;\"><span style=\"color: #ffffff;\"><b><span lang=\"ES-MX\">7. CLASES GRUPALES:<\/span><\/b><\/span><\/p>\n<p class=\"MsoNormal\" style=\"text-align: justify;\"><span lang=\"ES-MX\" style=\"color: #ffffff;\">Alpha Gym cuenta con el servicio de clases en grupo y\/o actividades grupales, el usuario se obliga a atender los siguientes lineamientos espec\u00edficos para dicha actividad de manera adicional a los enumerados en los rubros anteriores.<\/span><\/p>\n<p class=\"MsoNormal\" style=\"text-align: justify;\"><span lang=\"ES-MX\" style=\"color: #ffffff;\">a) No se permite ingerir ning\u00fan tipo de alimentos en el \u00e1rea designada para dichas clases.<\/span><\/p>\n<p class=\"MsoNormal\" style=\"text-align: justify;\"><span lang=\"ES-MX\" style=\"color: #ffffff;\">b) El sal\u00f3n o \u00e1reas designadas con las que cuente la unidad, es para uso de clases grupales en los horarios previamente establecidos. Estas \u00e1reas podr\u00e1n ser utilizadas por los usuarios cuando as\u00ed lo autorice Alpha Gym quedando estrictamente prohibido que el usuario manipule o haga uso del equipo audiovisual.&nbsp; <\/span><\/p>\n<p class=\"MsoNormal\" style=\"text-align: justify;\"><span lang=\"ES-MX\" style=\"color: #ffffff;\">c) No est\u00e1 permitido durante la clase el uso de dispositivos electr\u00f3nicos como tabletas electr\u00f3nicas, computadoras, celulares, o cualquier otro dispositivo electr\u00f3nico que pueda distraer a los usuarios o entrenadores para el desarrollo adecuado de la clase.<\/span><\/p>\n<p class=\"MsoNormal\" style=\"text-align: justify;\"><span lang=\"ES-MX\" style=\"color: #ffffff;\">d) No se permite ingresar mancuernas, pesas o alg\u00fan otro objeto o accesorio deportivo al sal\u00f3n de clases, salvo que el entrenado que imparte la clase d\u00e9 la instrucci\u00f3n especifica al respecto.<\/span><\/p>\n<p class=\"MsoNormal\" style=\"text-align: justify;\"><span lang=\"ES-MX\" style=\"color: #ffffff;\">e) Las clases est\u00e1n sujetas a un cupo limitado, mismo que ser\u00e1 indicado por el personal en cada clase, queda prohibido apartar el lugar o indicar que necesitan cierta cantidad de lugares, el acceso y cupo ser\u00e1n de acuerdo al arribo de cada usuario.<\/span><\/p>\n<p class=\"MsoNormal\" style=\"text-align: justify;\"><span lang=\"ES-MX\" style=\"color: #ffffff;\">f) Los horarios de las clases, as\u00ed como los entrenadores est\u00e1n sujetos a cambios de acuerdo a las necesidades y disponibilidad de Alpha Gym por lo que de manera diaria se indicaran a la entrada del sal\u00f3n las actividades del d\u00eda, dicho lo anterior Alpha Gym est\u00e1 facultado para suspender de manera temporal o definitiva las mismas.<\/span><\/p>\n<p class=\"MsoNormal\" style=\"text-align: justify;\"><span style=\"color: #ffffff;\"><b><span lang=\"ES-MX\">&nbsp;8. SANCIONES:<\/span><\/b><\/span><\/p>\n<p class=\"MsoNormal\" style=\"text-align: justify;\"><span lang=\"ES-MX\" style=\"color: #ffffff;\">a) En caso de incumplimiento a cualquiera de los puntos antes se\u00f1alados, el usuario se har\u00e1 acreedor a una amonestaci\u00f3n por escrito, en caso de reincidencia su membres\u00eda se rescindir\u00e1 de manera inmediata, en el entendido de que la rescisi\u00f3n no implica que el usuario quede eximido de las cantidades adeudadas que deba cubrir al momento de la baja por concepto de pena convencional por cancelaci\u00f3n anticipada, y en su caso anualidad o mensualidad, seg\u00fan sea el caso.<\/span><\/p>\n<p class=\"MsoNormal\" style=\"text-align: justify;\"><span lang=\"ES-MX\" style=\"color: #ffffff;\">b) En el supuesto de cometer una falta grave la baja se dar\u00e1 de manera inmediata sin amonestaci\u00f3n previa, considerando como faltas graves las siguientes:<\/span><\/p>\n<p class=\"MsoNormal\" style=\"text-align: justify;\"><span lang=\"ES-MX\" style=\"color: #ffffff;\">1) Agresi\u00f3n f\u00edsica o verbal en contra de otros usuarios, invitados y\/o staff del gimnasio.<\/span><\/p>\n<p class=\"MsoNormal\" style=\"text-align: justify;\"><span lang=\"ES-MX\" style=\"color: #ffffff;\">2) Cualquier tipo de comportamiento que altere el orden y\/o la operaci\u00f3n de la unidad.<\/span><\/p>\n<p class=\"MsoNormal\" style=\"text-align: justify;\"><span lang=\"ES-MX\" style=\"color: #ffffff;\">3) Detectar en redes sociales fotograf\u00edas o videos tomados en las instalaciones de Alpha Gym y no cubran con lo estipulado en el presente reglamento.<\/span><\/p>\n<p class=\"MsoNormal\" style=\"text-align: justify;\"><span lang=\"ES-MX\" style=\"color: #ffffff;\">4) Realizar actos o tener encuentros sexuales, as\u00ed como, conductas de acoso hacia otros usuarios o personal del staff.<\/span><\/p>\n<p class=\"MsoNormal\" style=\"text-align: justify;\"><span lang=\"ES-MX\" style=\"color: #ffffff;\">5) Hacer uso indebido de los espacios comunes, considerando en ellos las de uso individual o que sean ocupados incorrectamente por m\u00e1s de una persona al mismo tiempo; tales como regaderas, ba\u00f1os, vestidores y\/o cualquiera \u00e1rea p\u00fablica. <\/span><\/p>\n<p class=\"MsoNormal\" style=\"text-align: justify;\"><span lang=\"ES-MX\" style=\"color: #ffffff;\">6) Ser sorprendido por usuarios o staff utilizando o desechando jeringas o ayudando a otro usuario a hacer uso de ellas.<\/span><\/p>\n<p class=\"MsoNormal\" style=\"text-align: justify;\"><span lang=\"ES-MX\" style=\"color: #ffffff;\">7) Quejas de usuarios reportando faltas de respeto a su persona, privacidad o impedir el uso de los equipos o instalaciones.<\/span><\/p>\n<p class=\"MsoNormal\" style=\"text-align: justify;\"><span lang=\"ES-MX\" style=\"color: #ffffff;\">8) Brindar entrenamientos personales a cualquier persona dentro de las instalaciones.<\/span><\/p>\n<p class=\"MsoNormal\" style=\"text-align: justify;\"><span lang=\"ES-MX\" style=\"color: #ffffff;\">9) Proporcionar a Alpha Gym informaci\u00f3n incorrecta, falsa o imprecisa para obtener la prestaci\u00f3n de los servicios objeto del presente reglamento.<\/span><\/p>\n<p class=\"MsoNormal\" style=\"text-align: justify;\"><span lang=\"ES-MX\" style=\"color: #ffffff;\">10) Contar con alg\u00fan adeudo o que cuente con antecedentes de incumplimiento al reglamento. <\/span><\/p>\n<p class=\"MsoNormal\" style=\"text-align: justify;\"><span lang=\"ES-MX\" style=\"color: #ffffff;\">Las pol\u00edticas del presente Reglamento de uso de las instalaciones, son aplicables para todos los Usuarios de los servicios que proporciona Alpha Gym y est\u00e1n obligados al cumplimiento de estos en todo momento.<\/span><\/p>\t\t\t\t\t\t<\/div>\n\t\t\t\t<\/div>\n\t\t\t\t\t<\/div>\n\t\t\t\t<\/div>\n\t\t\t\t<\/div>\n\t\t","protected":false},"excerpt":{"rendered":"<p>REGLAMENTO DE USO DE INSTALACIONES &nbsp;Al hacer uso de las instalaciones de Alpha Gym el usuario manifiesta que es su libre voluntad obligarse a acatar en su totalidad los siguientes lineamientos: &nbsp;1. USO DE LAS INSTALACIONES: a) El ingreso a las instalaciones se har\u00e1 sin excepci\u00f3n, mediante registro de huella digital de los usuarios en [&hellip;]<\/p>\n","protected":false},"author":2,"featured_media":0,"parent":0,"menu_order":0,"comment_status":"closed","ping_status":"closed","template":"","meta":{"footnotes":""},"_links":{"self":[{"href":"https:\/\/alphagym.mx\/index.php?rest_route=\/wp\/v2\/pages\/7179"}],"collection":[{"href":"https:\/\/alphagym.mx\/index.php?rest_route=\/wp\/v2\/pages"}],"about":[{"href":"https:\/\/alphagym.mx\/index.php?rest_route=\/wp\/v2\/types\/page"}],"author":[{"embeddable":true,"href":"https:\/\/alphagym.mx\/index.php?rest_route=\/wp\/v2\/users\/2"}],"replies":[{"embeddable":true,"href":"https:\/\/alphagym.mx\/index.php?rest_route=%2Fwp%2Fv2%2Fcomments&post=7179"}],"version-history":[{"count":13,"href":"https:\/\/alphagym.mx\/index.php?rest_route=\/wp\/v2\/pages\/7179\/revisions"}],"predecessor-version":[{"id":7408,"href":"https:\/\/alphagym.mx\/index.php?rest_route=\/wp\/v2\/pages\/7179\/revisions\/7408"}],"wp:attachment":[{"href":"https:\/\/alphagym.mx\/index.php?rest_route=%2Fwp%2Fv2%2Fmedia&parent=7179"}],"curies":[{"name":"wp","href":"https:\/\/api.w.org\/{rel}","templated":true}]}}